{"id":39,"date":"2022-08-06T15:03:21","date_gmt":"2022-08-06T15:03:21","guid":{"rendered":"https:\/\/www.edel-consulting.com\/en\/?page_id=39"},"modified":"2022-08-31T07:25:35","modified_gmt":"2022-08-31T07:25:35","slug":"ana-sayfa","status":"publish","type":"page","link":"https:\/\/www.edel-lawfirm.com\/de\/","title":{"rendered":"Hauptseite"},"content":{"rendered":"\t\t<div data-elementor-type=\"wp-page\" data-elementor-id=\"39\" class=\"elementor elementor-39\">\n\t\t\t\t\t\t\t\t\t<section class=\"elementor-section elementor-top-section elementor-element elementor-element-b32b7ab elementor-section-boxed elementor-section-height-default elementor-section-height-default\" data-id=\"b32b7ab\" data-element_type=\"section\">\n\t\t\t\t\t\t<div class=\"elementor-container elementor-column-gap-default\">\n\t\t\t\t\t<div class=\"elementor-column elementor-col-100 elementor-top-column elementor-element elementor-element-23d9447\" data-id=\"23d9447\" data-element_type=\"column\">\n\t\t\t<div class=\"elementor-widget-wrap elementor-element-populated\">\n\t\t\t\t\t\t\t\t<div class=\"elementor-element elementor-element-055ee63 elementor-widget elementor-widget-wp-widget-malihupagescroll2idwidget\" data-id=\"055ee63\" data-element_type=\"widget\" data-widget_type=\"wp-widget-malihupagescroll2idwidget.default\">\n\t\t\t\t<div class=\"elementor-widget-container\">\n\t\t\t<a id=\"hauptseite\" data-ps2id-target=\"#hauptseite\"><\/a>\t\t<\/div>\n\t\t\t\t<\/div>\n\t\t\t\t<div class=\"elementor-element elementor-element-d5aa693 e-transform elementor-widget elementor-widget-heading\" data-id=\"d5aa693\" data-element_type=\"widget\" data-settings=\"{&quot;_transform_scale_effect&quot;:{&quot;unit&quot;:&quot;px&quot;,&quot;size&quot;:1,&quot;sizes&quot;:[]},&quot;_transform_scale_effect_tablet&quot;:{&quot;unit&quot;:&quot;px&quot;,&quot;size&quot;:&quot;&quot;,&quot;sizes&quot;:[]},&quot;_transform_scale_effect_mobile&quot;:{&quot;unit&quot;:&quot;px&quot;,&quot;size&quot;:&quot;&quot;,&quot;sizes&quot;:[]}}\" data-widget_type=\"heading.default\">\n\t\t\t\t<div class=\"elementor-widget-container\">\n\t\t\t<style>\/*! elementor - v3.7.7 - 20-09-2022 *\/\n.elementor-heading-title{padding:0;margin:0;line-height:1}.elementor-widget-heading .elementor-heading-title[class*=elementor-size-]>a{color:inherit;font-size:inherit;line-height:inherit}.elementor-widget-heading .elementor-heading-title.elementor-size-small{font-size:15px}.elementor-widget-heading .elementor-heading-title.elementor-size-medium{font-size:19px}.elementor-widget-heading .elementor-heading-title.elementor-size-large{font-size:29px}.elementor-widget-heading .elementor-heading-title.elementor-size-xl{font-size:39px}.elementor-widget-heading .elementor-heading-title.elementor-size-xxl{font-size:59px}<\/style><h1 class=\"elementor-heading-title elementor-size-xl\">vertrauensvoll, respektvoll, dynamisch...<\/h1>\t\t<\/div>\n\t\t\t\t<\/div>\n\t\t\t\t<div class=\"elementor-element elementor-element-4a26dc7 elementor-widget-divider--view-line elementor-widget elementor-widget-divider\" data-id=\"4a26dc7\" data-element_type=\"widget\" data-widget_type=\"divider.default\">\n\t\t\t\t<div class=\"elementor-widget-container\">\n\t\t\t<style>\/*! elementor - v3.7.7 - 20-09-2022 *\/\n.elementor-widget-divider{--divider-border-style:none;--divider-border-width:1px;--divider-color:#2c2c2c;--divider-icon-size:20px;--divider-element-spacing:10px;--divider-pattern-height:24px;--divider-pattern-size:20px;--divider-pattern-url:none;--divider-pattern-repeat:repeat-x}.elementor-widget-divider .elementor-divider{display:-webkit-box;display:-ms-flexbox;display:flex}.elementor-widget-divider .elementor-divider__text{font-size:15px;line-height:1;max-width:95%}.elementor-widget-divider .elementor-divider__element{margin:0 var(--divider-element-spacing);-ms-flex-negative:0;flex-shrink:0}.elementor-widget-divider .elementor-icon{font-size:var(--divider-icon-size)}.elementor-widget-divider .elementor-divider-separator{display:-webkit-box;display:-ms-flexbox;display:flex;margin:0;direction:ltr}.elementor-widget-divider--view-line_icon .elementor-divider-separator,.elementor-widget-divider--view-line_text .elementor-divider-separator{-webkit-box-align:center;-ms-flex-align:center;align-items:center}.elementor-widget-divider--view-line_icon .elementor-divider-separator:after,.elementor-widget-divider--view-line_icon .elementor-divider-separator:before,.elementor-widget-divider--view-line_text .elementor-divider-separator:after,.elementor-widget-divider--view-line_text .elementor-divider-separator:before{display:block;content:\"\";border-bottom:0;-webkit-box-flex:1;-ms-flex-positive:1;flex-grow:1;border-top:var(--divider-border-width) var(--divider-border-style) var(--divider-color)}.elementor-widget-divider--element-align-left .elementor-divider .elementor-divider-separator>.elementor-divider__svg:first-of-type{-webkit-box-flex:0;-ms-flex-positive:0;flex-grow:0;-ms-flex-negative:100;flex-shrink:100}.elementor-widget-divider--element-align-left .elementor-divider-separator:before{content:none}.elementor-widget-divider--element-align-left .elementor-divider__element{margin-left:0}.elementor-widget-divider--element-align-right .elementor-divider .elementor-divider-separator>.elementor-divider__svg:last-of-type{-webkit-box-flex:0;-ms-flex-positive:0;flex-grow:0;-ms-flex-negative:100;flex-shrink:100}.elementor-widget-divider--element-align-right .elementor-divider-separator:after{content:none}.elementor-widget-divider--element-align-right .elementor-divider__element{margin-right:0}.elementor-widget-divider:not(.elementor-widget-divider--view-line_text):not(.elementor-widget-divider--view-line_icon) .elementor-divider-separator{border-top:var(--divider-border-width) var(--divider-border-style) var(--divider-color)}.elementor-widget-divider--separator-type-pattern{--divider-border-style:none}.elementor-widget-divider--separator-type-pattern.elementor-widget-divider--view-line .elementor-divider-separator,.elementor-widget-divider--separator-type-pattern:not(.elementor-widget-divider--view-line) .elementor-divider-separator:after,.elementor-widget-divider--separator-type-pattern:not(.elementor-widget-divider--view-line) .elementor-divider-separator:before,.elementor-widget-divider--separator-type-pattern:not([class*=elementor-widget-divider--view]) .elementor-divider-separator{width:100%;min-height:var(--divider-pattern-height);-webkit-mask-size:var(--divider-pattern-size) 100%;mask-size:var(--divider-pattern-size) 100%;-webkit-mask-repeat:var(--divider-pattern-repeat);mask-repeat:var(--divider-pattern-repeat);background-color:var(--divider-color);-webkit-mask-image:var(--divider-pattern-url);mask-image:var(--divider-pattern-url)}.elementor-widget-divider--no-spacing{--divider-pattern-size:auto}.elementor-widget-divider--bg-round{--divider-pattern-repeat:round}.rtl .elementor-widget-divider .elementor-divider__text{direction:rtl}.e-container>.elementor-widget-divider{width:var(--container-widget-width,100%);--flex-grow:var(--container-widget-flex-grow,0)}<\/style>\t\t<div class=\"elementor-divider\">\n\t\t\t<span class=\"elementor-divider-separator\">\n\t\t\t\t\t\t<\/span>\n\t\t<\/div>\n\t\t\t\t<\/div>\n\t\t\t\t<\/div>\n\t\t\t\t<div class=\"elementor-element elementor-element-1e8b95d elementor-widget elementor-widget-html\" data-id=\"1e8b95d\" data-element_type=\"widget\" data-widget_type=\"html.default\">\n\t\t\t\t<div class=\"elementor-widget-container\">\n\t\t\t<style>\r\n.texttype {\r\n    \r\n     text-align: justify;\r\n    color: #989494;\r\n    font-family: \"Poppins\", Sans-serif;\r\n    font-weight: 400;\r\n    font-style: italic;\r\n    letter-spacing: 0.6px;\r\n}\r\n\r\n.square {\r\n    \r\n    padding-right: 40px;\r\n    padding-left: 40px;\r\n}\r\n<\/style>\r\n<div class=\"square\">\r\n    <p class=\"texttype\">\r\n       edel.lawfirm ist eine Rechtsanwaltskanzlei mit Sitz in Istanbul, die die rechtliche Vertretung und Beratung von \u00fcberwiegend deutschsprachigen juristischen und nat\u00fcrlichen Personen sowie t\u00fcrkischen juristischen und nat\u00fcrlichen Personen mit deutschen und t\u00fcrkischen Rechtsanw\u00e4lten \u00fcbernimmt.\r\n\r\n    <\/p>\r\n\t\t\t\t\t<\/div>\t\t<\/div>\n\t\t\t\t<\/div>\n\t\t\t\t<div class=\"elementor-element elementor-element-1bcba2a elementor-widget-divider--view-line elementor-widget elementor-widget-divider\" data-id=\"1bcba2a\" data-element_type=\"widget\" data-widget_type=\"divider.default\">\n\t\t\t\t<div class=\"elementor-widget-container\">\n\t\t\t\t\t<div class=\"elementor-divider\">\n\t\t\t<span class=\"elementor-divider-separator\">\n\t\t\t\t\t\t<\/span>\n\t\t<\/div>\n\t\t\t\t<\/div>\n\t\t\t\t<\/div>\n\t\t\t\t\t<\/div>\n\t\t<\/div>\n\t\t\t\t\t\t\t<\/div>\n\t\t<\/section>\n\t\t\t\t\t\t\t<\/div>\n\t\t","protected":false},"excerpt":{"rendered":"<p>vertrauensvoll, respektvoll, dynamisch&#8230; edel.lawfirm ist eine Rechtsanwaltskanzlei mit Sitz in Istanbul, die die rechtliche Vertretung und Beratung von \u00fcberwiegend deutschsprachigen juristischen und nat\u00fcrlichen Personen sowie t\u00fcrkischen juristischen und nat\u00fcrlichen Personen mit deutschen und t\u00fcrkischen Rechtsanw\u00e4lten \u00fcbernimmt.<\/p>\n","protected":false},"author":2,"featured_media":0,"parent":0,"menu_order":0,"comment_status":"closed","ping_status":"closed","template":"","meta":{"footnotes":""},"class_list":["post-39","page","type-page","status-publish","hentry"],"yoast_head":"<!-- This site is optimized with the Yoast SEO plugin v19.7.1 - https:\/\/yoast.com\/wordpress\/plugins\/seo\/ -->\n<title>Hauptseite - Edel Lawfirm<\/title>\n<meta name=\"robots\" content=\"index, follow, max-snippet:-1, max-image-preview:large, max-video-preview:-1\" \/>\n<link rel=\"canonical\" href=\"https:\/\/www.edel-lawfirm.com\/de\/\" \/>\n<meta property=\"og:locale\" content=\"tr_TR\" \/>\n<meta property=\"og:type\" content=\"article\" \/>\n<meta property=\"og:title\" content=\"Hauptseite - Edel Lawfirm\" \/>\n<meta property=\"og:description\" content=\"vertrauensvoll, respektvoll, dynamisch&#8230; edel.lawfirm ist eine Rechtsanwaltskanzlei mit Sitz in Istanbul, die die rechtliche Vertretung und Beratung von \u00fcberwiegend deutschsprachigen juristischen und nat\u00fcrlichen Personen sowie t\u00fcrkischen juristischen und nat\u00fcrlichen Personen mit deutschen und t\u00fcrkischen Rechtsanw\u00e4lten \u00fcbernimmt.\" \/>\n<meta property=\"og:url\" content=\"https:\/\/www.edel-lawfirm.com\/de\/\" \/>\n<meta property=\"og:site_name\" content=\"Edel Lawfirm\" \/>\n<meta property=\"article:modified_time\" content=\"2022-08-31T07:25:35+00:00\" \/>\n<meta name=\"twitter:card\" content=\"summary_large_image\" \/>\n<meta name=\"twitter:label1\" content=\"Tahmini okuma s\u00fcresi\" \/>\n\t<meta name=\"twitter:data1\" content=\"1 dakika\" \/>\n<script type=\"application\/ld+json\" class=\"yoast-schema-graph\">{\"@context\":\"https:\/\/schema.org\",\"@graph\":[{\"@type\":\"WebPage\",\"@id\":\"https:\/\/www.edel-lawfirm.com\/de\/\",\"url\":\"https:\/\/www.edel-lawfirm.com\/de\/\",\"name\":\"Hauptseite - Edel Lawfirm\",\"isPartOf\":{\"@id\":\"http:\/\/www.edel-lawfirm.com\/de\/#website\"},\"datePublished\":\"2022-08-06T15:03:21+00:00\",\"dateModified\":\"2022-08-31T07:25:35+00:00\",\"breadcrumb\":{\"@id\":\"https:\/\/www.edel-lawfirm.com\/de\/#breadcrumb\"},\"inLanguage\":\"tr\",\"potentialAction\":[{\"@type\":\"ReadAction\",\"target\":[\"https:\/\/www.edel-lawfirm.com\/de\/\"]}]},{\"@type\":\"BreadcrumbList\",\"@id\":\"https:\/\/www.edel-lawfirm.com\/de\/#breadcrumb\",\"itemListElement\":[{\"@type\":\"ListItem\",\"position\":1,\"name\":\"Anasayfa\",\"item\":\"https:\/\/www.edel-lawfirm.com\/de\/\"},{\"@type\":\"ListItem\",\"position\":2,\"name\":\"Hauptseite\"}]},{\"@type\":\"WebSite\",\"@id\":\"http:\/\/www.edel-lawfirm.com\/de\/#website\",\"url\":\"http:\/\/www.edel-lawfirm.com\/de\/\",\"name\":\"Edel Lawfirm\",\"description\":\"\",\"publisher\":{\"@id\":\"http:\/\/www.edel-lawfirm.com\/de\/#organization\"},\"potentialAction\":[{\"@type\":\"SearchAction\",\"target\":{\"@type\":\"EntryPoint\",\"urlTemplate\":\"http:\/\/www.edel-lawfirm.com\/de\/?s={search_term_string}\"},\"query-input\":\"required name=search_term_string\"}],\"inLanguage\":\"tr\"},{\"@type\":\"Organization\",\"@id\":\"http:\/\/www.edel-lawfirm.com\/de\/#organization\",\"name\":\"Edel Consulting\",\"url\":\"http:\/\/www.edel-lawfirm.com\/de\/\",\"sameAs\":[],\"logo\":{\"@type\":\"ImageObject\",\"inLanguage\":\"tr\",\"@id\":\"http:\/\/www.edel-lawfirm.com\/de\/#\/schema\/logo\/image\/\",\"url\":\"http:\/\/www.edel-lawfirm.com\/wp-content\/uploads\/sites\/4\/2022\/08\/cropped-edel-consulting-logo.png\",\"contentUrl\":\"http:\/\/www.edel-lawfirm.com\/wp-content\/uploads\/sites\/4\/2022\/08\/cropped-edel-consulting-logo.png\",\"width\":300,\"height\":63,\"caption\":\"Edel Consulting\"},\"image\":{\"@id\":\"http:\/\/www.edel-lawfirm.com\/de\/#\/schema\/logo\/image\/\"}}]}<\/script>\n<!-- \/ Yoast SEO plugin. -->","yoast_head_json":{"title":"Hauptseite - Edel Lawfirm","robots":{"index":"index","follow":"follow","max-snippet":"max-snippet:-1","max-image-preview":"max-image-preview:large","max-video-preview":"max-video-preview:-1"},"canonical":"https:\/\/www.edel-lawfirm.com\/de\/","og_locale":"tr_TR","og_type":"article","og_title":"Hauptseite - Edel Lawfirm","og_description":"vertrauensvoll, respektvoll, dynamisch&#8230; edel.lawfirm ist eine Rechtsanwaltskanzlei mit Sitz in Istanbul, die die rechtliche Vertretung und Beratung von \u00fcberwiegend deutschsprachigen juristischen und nat\u00fcrlichen Personen sowie t\u00fcrkischen juristischen und nat\u00fcrlichen Personen mit deutschen und t\u00fcrkischen Rechtsanw\u00e4lten \u00fcbernimmt.","og_url":"https:\/\/www.edel-lawfirm.com\/de\/","og_site_name":"Edel Lawfirm","article_modified_time":"2022-08-31T07:25:35+00:00","twitter_card":"summary_large_image","twitter_misc":{"Tahmini okuma s\u00fcresi":"1 dakika"},"schema":{"@context":"https:\/\/schema.org","@graph":[{"@type":"WebPage","@id":"https:\/\/www.edel-lawfirm.com\/de\/","url":"https:\/\/www.edel-lawfirm.com\/de\/","name":"Hauptseite - Edel Lawfirm","isPartOf":{"@id":"http:\/\/www.edel-lawfirm.com\/de\/#website"},"datePublished":"2022-08-06T15:03:21+00:00","dateModified":"2022-08-31T07:25:35+00:00","breadcrumb":{"@id":"https:\/\/www.edel-lawfirm.com\/de\/#breadcrumb"},"inLanguage":"tr","potentialAction":[{"@type":"ReadAction","target":["https:\/\/www.edel-lawfirm.com\/de\/"]}]},{"@type":"BreadcrumbList","@id":"https:\/\/www.edel-lawfirm.com\/de\/#breadcrumb","itemListElement":[{"@type":"ListItem","position":1,"name":"Anasayfa","item":"https:\/\/www.edel-lawfirm.com\/de\/"},{"@type":"ListItem","position":2,"name":"Hauptseite"}]},{"@type":"WebSite","@id":"http:\/\/www.edel-lawfirm.com\/de\/#website","url":"http:\/\/www.edel-lawfirm.com\/de\/","name":"Edel Lawfirm","description":"","publisher":{"@id":"http:\/\/www.edel-lawfirm.com\/de\/#organization"},"potentialAction":[{"@type":"SearchAction","target":{"@type":"EntryPoint","urlTemplate":"http:\/\/www.edel-lawfirm.com\/de\/?s={search_term_string}"},"query-input":"required name=search_term_string"}],"inLanguage":"tr"},{"@type":"Organization","@id":"http:\/\/www.edel-lawfirm.com\/de\/#organization","name":"Edel Consulting","url":"http:\/\/www.edel-lawfirm.com\/de\/","sameAs":[],"logo":{"@type":"ImageObject","inLanguage":"tr","@id":"http:\/\/www.edel-lawfirm.com\/de\/#\/schema\/logo\/image\/","url":"http:\/\/www.edel-lawfirm.com\/wp-content\/uploads\/sites\/4\/2022\/08\/cropped-edel-consulting-logo.png","contentUrl":"http:\/\/www.edel-lawfirm.com\/wp-content\/uploads\/sites\/4\/2022\/08\/cropped-edel-consulting-logo.png","width":300,"height":63,"caption":"Edel Consulting"},"image":{"@id":"http:\/\/www.edel-lawfirm.com\/de\/#\/schema\/logo\/image\/"}}]}},"_links":{"self":[{"href":"https:\/\/www.edel-lawfirm.com\/de\/wp-json\/wp\/v2\/pages\/39","targetHints":{"allow":["GET"]}}],"collection":[{"href":"https:\/\/www.edel-lawfirm.com\/de\/wp-json\/wp\/v2\/pages"}],"about":[{"href":"https:\/\/www.edel-lawfirm.com\/de\/wp-json\/wp\/v2\/types\/page"}],"author":[{"embeddable":true,"href":"https:\/\/www.edel-lawfirm.com\/de\/wp-json\/wp\/v2\/users\/2"}],"replies":[{"embeddable":true,"href":"https:\/\/www.edel-lawfirm.com\/de\/wp-json\/wp\/v2\/comments?post=39"}],"version-history":[{"count":29,"href":"https:\/\/www.edel-lawfirm.com\/de\/wp-json\/wp\/v2\/pages\/39\/revisions"}],"predecessor-version":[{"id":292,"href":"https:\/\/www.edel-lawfirm.com\/de\/wp-json\/wp\/v2\/pages\/39\/revisions\/292"}],"wp:attachment":[{"href":"https:\/\/www.edel-lawfirm.com\/de\/wp-json\/wp\/v2\/media?parent=39"}],"curies":[{"name":"wp","href":"https:\/\/api.w.org\/{rel}","templated":true}]}}